{"id":2,"date":"2021-01-12T02:02:27","date_gmt":"2021-01-12T02:02:27","guid":{"rendered":"http:\/\/rtstudiolegale.com\/catalan\/?page_id=2"},"modified":"2024-05-06T11:42:39","modified_gmt":"2024-05-06T11:42:39","slug":"inicio","status":"publish","type":"page","link":"https:\/\/rtstudiolegale.com\/cat\/","title":{"rendered":"Inicio"},"content":{"rendered":"\n<div class=\"wp-block-cover alignfull is-light\"><span aria-hidden=\"true\" class=\"wp-block-cover__background has-background-dim\"><\/span><img loading=\"lazy\" decoding=\"async\" width=\"589\" height=\"295\" class=\"wp-block-cover__image-background wp-image-18\" alt=\"\" src=\"https:\/\/rtstudiolegale.com\/catalan\/wp-content\/uploads\/sites\/4\/2021\/01\/istockphoto-1090431444-170667a-1.jpg\" data-object-fit=\"cover\" srcset=\"https:\/\/rtstudiolegale.com\/cat\/wp-content\/uploads\/sites\/4\/2021\/01\/istockphoto-1090431444-170667a-1.jpg 589w, https:\/\/rtstudiolegale.com\/cat\/wp-content\/uploads\/sites\/4\/2021\/01\/istockphoto-1090431444-170667a-1-300x150.jpg 300w\" sizes=\"(max-width: 589px) 100vw, 589px\" \/><div class=\"wp-block-cover__inner-container is-layout-flow wp-block-cover-is-layout-flow\">\n<h1 class=\"wp-block-heading has-text-align-left has-white-color has-text-color has-link-color wp-elements-62466b2c8ff91b494630ceb6cb4af7cf\">RTLEGAL<\/h1>\n\n\n\n<p class=\"has-white-color has-text-color has-link-color wp-elements-286ecdb65cca888a940b8d750f9faad7\" style=\"font-size:25px\"><em>Despatx d&#8217;advocats internacional a Barcelona<\/em><\/p>\n<\/div><\/div>\n\n\n\n<div style=\"padding-bottom:5%;padding-top:5%\" class=\"wp-block-genesis-blocks-gb-container alignwide gb-block-container\"><div class=\"gb-container-inside\"><div class=\"gb-container-content\">\n<h2 class=\"wp-block-heading has-text-align-center\" id=\"about\">Qui som<\/h2>\n\n\n\n<div class=\"wp-block-genesis-blocks-gb-columns gb-layout-columns-2 gb-2-col-equal\" style=\"margin-top:3%\"><div class=\"gb-layout-column-wrap gb-block-layout-column-gap-2 gb-is-responsive-column\">\n<div class=\"wp-block-genesis-blocks-gb-column gb-block-layout-column\"><div class=\"gb-block-layout-column-inner\">\n<p class=\"has-text-align-center\">El nostre despatx est\u00e0 especialitzat en proporcionar assessorament legal i fiscal, principalment, a clients estrangers a Espanya.<\/p>\n\n\n\n<p class=\"has-text-align-center\">Les nostres oficines principals es troben a Barcelona, no obstant aix\u00f2 gr\u00e0cies a la nostra extensa xarxa de col\u00b7laboradors podem proporcionar assessorament legal i fiscal en tot el territori espanyol, incloent-hi les Illes Can\u00e0ries i Balears.<\/p>\n\n\n\n<p class=\"has-text-align-center\">Aix\u00ed mateix, el nostre despatx d&#8217;advocats compta amb despatxos col\u00b7laboradors a Europa i a tot el m\u00f3n, i gr\u00e0cies a aix\u00f2 podem proporcionar assessorament legal i fiscal als nostres clients tamb\u00e9 en jurisdiccions fora d&#8217;Espanya.<\/p>\n<\/div><\/div>\n\n\n\n<div class=\"wp-block-genesis-blocks-gb-column gb-block-layout-column\"><div class=\"gb-block-layout-column-inner\">\n<p class=\"has-text-align-center justificado\">El despatx est\u00e0 liderat per l&#8217;advocat Raffaele Tancredi, col\u00b7legiat a l\u2019Il\u00b7lustre Col\u00b7legi d\u2019Advocats de Barcelona. S\u2019ha format en els despatxos d&#8217;advocats m\u00e9s importants d\u2019Espanya i el seu despatx es troba en el llistat d\u2019advocats recomanats per diversos Consolats (entre ells, el Consolat Brit\u00e0nic i Itali\u00e0 a Barcelona), com tamb\u00e9 a les Cambres de Comer\u00e7.<\/p>\n\n\n\n<hr class=\"wp-block-separator has-css-opacity\"\/>\n\n\n\n<p><strong>Parlem en::<\/strong><\/p>\n\n\n\n<div class=\"wp-block-genesis-blocks-gb-columns gb-layout-columns-4 gb-4-col-equal\"><div class=\"gb-layout-column-wrap gb-block-layout-column-gap-0 gb-is-responsive-column\">\n<div class=\"wp-block-genesis-blocks-gb-column gb-block-layout-column\"><div class=\"gb-block-layout-column-inner\"><div class=\"wp-block-image is-resized\">\n<figure class=\"alignleft size-thumbnail\"><img decoding=\"async\" src=\"https:\/\/rtstudiolegale.com\/catalan\/wp-content\/uploads\/sites\/4\/2021\/01\/580b585b2edbce24c47b282a-150x150.png\" alt=\"\" class=\"wp-image-85\"\/><figcaption class=\"wp-element-caption\">Castell\u00e0<\/figcaption><\/figure><\/div>\n\n\n\n\n\n\n\n<\/div><\/div>\n\n\n\n<div class=\"wp-block-genesis-blocks-gb-column gb-block-layout-column\"><div class=\"gb-block-layout-column-inner\"><div class=\"wp-block-image is-resized\">\n<figure class=\"alignleft size-thumbnail\"><img loading=\"lazy\" decoding=\"async\" width=\"150\" height=\"150\" src=\"https:\/\/rtstudiolegale.com\/catalan\/wp-content\/uploads\/sites\/4\/2021\/01\/580b585b2edbce24c47b2836-150x150.png\" alt=\"\" class=\"wp-image-88\" srcset=\"https:\/\/rtstudiolegale.com\/cat\/wp-content\/uploads\/sites\/4\/2021\/01\/580b585b2edbce24c47b2836-150x150.png 150w, https:\/\/rtstudiolegale.com\/cat\/wp-content\/uploads\/sites\/4\/2021\/01\/580b585b2edbce24c47b2836-80x80.png 80w\" sizes=\"(max-width: 150px) 100vw, 150px\" \/><figcaption class=\"wp-element-caption\">Angl\u00e8s<\/figcaption><\/figure><\/div><\/div><\/div>\n\n\n\n<div class=\"wp-block-genesis-blocks-gb-column gb-block-layout-column\"><div class=\"gb-block-layout-column-inner\"><div class=\"wp-block-image is-resized\">\n<figure class=\"alignleft size-thumbnail\"><img loading=\"lazy\" decoding=\"async\" width=\"150\" height=\"150\" src=\"https:\/\/rtstudiolegale.com\/catalan\/wp-content\/uploads\/sites\/4\/2021\/01\/5845ba6f6aa88c4892180ac3-e1610812514976-150x150.png\" alt=\"\" class=\"wp-image-91\"\/><figcaption class=\"wp-element-caption\">Itali\u00e0<\/figcaption><\/figure><\/div><\/div><\/div>\n\n\n\n<div class=\"wp-block-genesis-blocks-gb-column gb-block-layout-column gb-is-vertically-aligned-top\"><div class=\"gb-block-layout-column-inner\"><div class=\"wp-block-image is-resized\">\n<figure class=\"alignleft size-thumbnail\"><img loading=\"lazy\" decoding=\"async\" width=\"150\" height=\"150\" src=\"https:\/\/rtstudiolegale.com\/catalan\/wp-content\/uploads\/sites\/4\/2021\/01\/portugal_15803-150x150.png\" alt=\"\" class=\"wp-image-93\"\/><figcaption class=\"wp-element-caption\">Portugu\u00e8s<\/figcaption><\/figure><\/div><\/div><\/div>\n<\/div><\/div>\n<\/div><\/div>\n<\/div><\/div>\n<\/div><\/div><\/div>\n\n\n\n<div style=\"background-color:#fdfdfd;padding-bottom:5%;padding-top:5%\" class=\"wp-block-genesis-blocks-gb-container alignfull practica gb-block-container\"><div class=\"gb-container-inside\"><div class=\"gb-container-content\" style=\"max-width:1020px\">\n<h2 class=\"wp-block-heading has-text-align-center\" id=\"servicios\">\u00c0rees de pr\u00e0ctica<\/h2>\n\n\n\n<div class=\"wp-block-genesis-blocks-gb-columns gb-layout-columns-3 gb-3-col-equal\" style=\"margin-top:30px\"><div class=\"gb-layout-column-wrap gb-block-layout-column-gap-2 gb-is-responsive-column\">\n<div class=\"wp-block-genesis-blocks-gb-column gb-block-layout-column\"><div class=\"gb-block-layout-column-inner\" style=\"text-align:center\">\n<i class=\"fas fa-user-check\"><\/i>\n\n\n\n<p><strong>Dret civil<\/strong>:<\/p>\n\n\n\n<p>Assessorament en tota mena d&#8217;assumptes en mat\u00e8ria de dret civil.<\/p>\n<\/div><\/div>\n\n\n\n<div class=\"wp-block-genesis-blocks-gb-column gb-block-layout-column\"><div class=\"gb-block-layout-column-inner\" style=\"text-align:center\">\n<i class=\"fas fa-balance-scale\"><\/i>\n\n\n\n<p><strong>Dret Processal<\/strong>:<\/p>\n\n\n\n<p>Assist\u00e8ncia en procediments judicials a Espanya, de qualsevol \u00edndole.<\/p>\n<\/div><\/div>\n\n\n\n<div class=\"wp-block-genesis-blocks-gb-column gb-block-layout-column\"><div class=\"gb-block-layout-column-inner\" style=\"text-align:center\">\n<i class=\"fas fa-home\"><\/i>\n\n\n\n<p><strong>Dret Immobiliari:<\/strong><\/p>\n\n\n\n<p>Assessorament en qualsevol tipus d&#8217;operaci\u00f3 immobili\u00e0ria.<\/p>\n<\/div><\/div>\n<\/div><\/div>\n\n\n\n<div class=\"wp-block-genesis-blocks-gb-columns gb-layout-columns-3 gb-3-col-equal\"><div class=\"gb-layout-column-wrap gb-block-layout-column-gap-2 gb-is-responsive-column\">\n<div class=\"wp-block-genesis-blocks-gb-column gb-block-layout-column\"><div class=\"gb-block-layout-column-inner\" style=\"text-align:center\">\n<i class=\"fas fa-book\"><\/i>\n\n\n\n<p><strong>Dret Mercantil i Societari:<\/strong><\/p>\n\n\n\n<p>Oferim assessorament en tota mena d&#8217;operacions societ\u00e0ries, com per exemple: constituci\u00f3 de societats, compravenda de participacions socials, fusions i adquisicions.<\/p>\n<\/div><\/div>\n\n\n\n<div class=\"wp-block-genesis-blocks-gb-column gb-block-layout-column\"><div class=\"gb-block-layout-column-inner\" style=\"text-align:center\">\n<i class=\"fas fa-gavel\"><\/i>\n\n\n\n<p><strong>Dret Penal<\/strong>:<\/p>\n\n\n\n<p>Oferim assist\u00e8ncia a les v\u00edctimes i als presumptes autors de delictes.<\/p>\n<\/div><\/div>\n\n\n\n<div class=\"wp-block-genesis-blocks-gb-column gb-block-layout-column\"><div class=\"gb-block-layout-column-inner\" style=\"text-align:center\">\n<i class=\"fas fa-ambulance\"><\/i>\n\n\n\n<p><strong>Accidents de tr\u00e0nsit i responsabilitat m\u00e8dica:<\/strong><\/p>\n\n\n\n<p>Proporcionem assessorament legal amb la finalitat d&#8217;obtenir la m\u00e0xima indemnitzaci\u00f3 per als nostres Clients.<\/p>\n<\/div><\/div>\n<\/div><\/div>\n\n\n\n<div class=\"wp-block-genesis-blocks-gb-columns gb-layout-columns-3 gb-3-col-equal\"><div class=\"gb-layout-column-wrap gb-block-layout-column-gap-2 gb-is-responsive-column\">\n<div class=\"wp-block-genesis-blocks-gb-column gb-block-layout-column\"><div class=\"gb-block-layout-column-inner\" style=\"text-align:center\">\n<i class=\"fas fa-briefcase\"><\/i>\n\n\n\n<p><strong>Dret Laboral<\/strong>:<\/p>\n\n\n\n<p>Prestem assessorament legal a treballadors i empreses en controv\u00e8rsies laborals.<\/p>\n<\/div><\/div>\n\n\n\n<div class=\"wp-block-genesis-blocks-gb-column gb-block-layout-column\"><div class=\"gb-block-layout-column-inner\" style=\"text-align:center\">\n<i class=\"fas fa-users\"><\/i>\n\n\n\n<p><strong>Dret familiar:<\/strong><\/p>\n\n\n\n<p>Oferim assessorament en dret familiar, com ara divorcis, separacions i mesures paternofilials.<\/p>\n<\/div><\/div>\n\n\n\n<div class=\"wp-block-genesis-blocks-gb-column gb-block-layout-column\"><div class=\"gb-block-layout-column-inner\" style=\"text-align:center\">\n<i class=\"fas fa-globe-africa\"><\/i>\n\n\n\n<p><strong>Estrangeria i visats:<\/strong><\/p>\n\n\n\n<p>NIE.<br>Visats d&#8217;inversors, reagrupaci\u00f3 familiar, sol\u00b7licituds de resid\u00e8ncia.<\/p>\n<\/div><\/div>\n<\/div><\/div>\n\n\n\n<div class=\"wp-block-genesis-blocks-gb-columns gb-layout-columns-3 gb-3-col-equal\"><div class=\"gb-layout-column-wrap gb-block-layout-column-gap-2 gb-is-responsive-column\">\n<div class=\"wp-block-genesis-blocks-gb-column gb-block-layout-column\"><div class=\"gb-block-layout-column-inner\" style=\"text-align:center\">\n<i class=\"fas fa-euro-sign\"><\/i>\n\n\n\n<p><strong>Dret fiscal i tributari:<\/strong><\/p>\n\n\n\n<p>Planificaci\u00f3 financera.<br>Presentaci\u00f3 d&#8217;impostos i de qualsevol tipus de models fiscals.<\/p>\n<\/div><\/div>\n\n\n\n<div class=\"wp-block-genesis-blocks-gb-column gb-block-layout-column\"><div class=\"gb-block-layout-column-inner\" style=\"text-align:center\">\n<i class=\"fas fa-university\"><\/i>\n\n\n\n<p><strong>Ciutadania italiana:<\/strong><\/p>\n\n\n\n<p>Es proporciona assessorament en relaci\u00f3 a l&#8217;obtenci\u00f3 de la ciutadania italiana.<\/p>\n<\/div><\/div>\n\n\n\n<div class=\"wp-block-genesis-blocks-gb-column gb-block-layout-column\"><div class=\"gb-block-layout-column-inner\" style=\"text-align:center\">\n<i class=\"fas fa-plus\"><\/i>\n\n\n\n<p><strong>Altres serveis complementaris:<\/strong><\/p>\n\n\n\n<p>Col\u00b7laborem amb Arquitectes, Constructors i Traductors jurats, amb la finalitat de proporcionar als nostres clients serveis complementaris a la nostra activitat professional.<\/p>\n<\/div><\/div>\n<\/div><\/div>\n<\/div><\/div><\/div>\n\n\n\n<div class=\"wp-block-genesis-blocks-gb-container alignfull gb-block-container\"><div class=\"gb-container-inside\"><div class=\"gb-container-content\">\n<iframe loading=\"lazy\" src=\"https:\/\/www.google.com\/maps\/embed?pb=!1m18!1m12!1m3!1d2993.236902575251!2d2.154022777118857!3d41.39066129579054!2m3!1f0!2f0!3f0!3m2!1i1024!2i768!4f13.1!3m3!1m2!1s0x12a4a28fda588f8b%3A0x641e8e6b4a8b70a6!2sCarrer%20d&#39;Aribau%2C%20114%2C%20L&#39;Eixample%2C%2008036%20Barcelona!5e0!3m2!1ses!2ses!4v1714995723527!5m2!1ses!2ses\" width=\"2000\" height=\"600\" frameborder=\"0\" style=\"border:0;\" allowfullscreen=\"\" aria-hidden=\"false\" tabindex=\"0\"><\/iframe>\n<\/div><\/div><\/div>\n\n\n\n<div class=\"wp-block-genesis-blocks-gb-columns gb-layout-columns-2 gb-2-col-equal alignfull\" style=\"padding-top:7%;padding-right:5%;padding-bottom:7%;padding-left:5%\"><div class=\"gb-layout-column-wrap gb-block-layout-column-gap-2 gb-is-responsive-column\">\n<div class=\"wp-block-genesis-blocks-gb-column gb-block-layout-column gb-is-vertically-aligned-center\"><div class=\"gb-block-layout-column-inner\" style=\"text-align:center\">\n<p id=\"contactar\"><strong>Raffaele Tancredi<\/strong><\/p>\n\n\n\n<p><strong>Advocat<\/strong><\/p>\n\n\n\n<p><strong>Carrer d&#8217;Aribau, 114, entlo 2\u00aa<\/strong><\/p>\n\n\n\n<p><strong>08036 Barcelona<\/strong><\/p>\n\n\n\n<p><strong>+34 622856625<\/strong><\/p>\n\n\n\n<p class=\"has-medium-font-size\"><a href=\"mailto:rtancredi@icab.es\">info@rtlegal.es<\/a><\/p>\n<\/div><\/div>\n\n\n\n<div class=\"wp-block-genesis-blocks-gb-column gb-block-layout-column gb-is-vertically-aligned-center\"><div class=\"gb-block-layout-column-inner\">\n<div class=\"wp-block-contact-form-7-contact-form-selector\">\n<div class=\"wpcf7 no-js\" id=\"wpcf7-f189-o1\" lang=\"es-ES\" dir=\"ltr\">\n<div class=\"screen-reader-response\"><p role=\"status\" aria-live=\"polite\" aria-atomic=\"true\"><\/p> <ul><\/ul><\/div>\n<form action=\"\/cat\/wp-json\/wp\/v2\/pages\/2#wpcf7-f189-o1\" method=\"post\" class=\"wpcf7-form init\" aria-label=\"Formulario de contacto\" novalidate=\"novalidate\" data-status=\"init\">\n<div style=\"display: none;\">\n<input type=\"hidden\" name=\"_wpcf7\" value=\"189\" \/>\n<input type=\"hidden\" name=\"_wpcf7_version\" value=\"5.9.8\" \/>\n<input type=\"hidden\" name=\"_wpcf7_locale\" value=\"es_ES\" \/>\n<input type=\"hidden\" name=\"_wpcf7_unit_tag\" value=\"wpcf7-f189-o1\" \/>\n<input type=\"hidden\" name=\"_wpcf7_container_post\" value=\"0\" \/>\n<input type=\"hidden\" name=\"_wpcf7_posted_data_hash\" value=\"\" \/>\n<\/div>\n<p><label> Nom<br \/>\n<span class=\"wpcf7-form-control-wrap\" data-name=\"your-name\"><input size=\"40\" maxlength=\"400\" class=\"wpcf7-form-control wpcf7-text wpcf7-validates-as-required\" aria-required=\"true\" aria-invalid=\"false\" value=\"\" type=\"text\" name=\"your-name\" \/><\/span> <\/label>\n<\/p>\n<p><label> Correu electr\u00f2nic<br \/>\n<span class=\"wpcf7-form-control-wrap\" data-name=\"your-email\"><input size=\"40\" maxlength=\"400\" class=\"wpcf7-form-control wpcf7-email wpcf7-validates-as-required wpcf7-text wpcf7-validates-as-email\" aria-required=\"true\" aria-invalid=\"false\" value=\"\" type=\"email\" name=\"your-email\" \/><\/span> <\/label>\n<\/p>\n<p><label> Tel\u00e8fon<br \/>\n<span class=\"wpcf7-form-control-wrap\" data-name=\"tel-768\"><input size=\"40\" maxlength=\"400\" class=\"wpcf7-form-control wpcf7-tel wpcf7-text wpcf7-validates-as-tel\" aria-invalid=\"false\" value=\"\" type=\"tel\" name=\"tel-768\" \/><\/span><\/label>\n<\/p>\n<p><label> Assumpte<br \/>\n<span class=\"wpcf7-form-control-wrap\" data-name=\"your-subject\"><input size=\"40\" maxlength=\"400\" class=\"wpcf7-form-control wpcf7-text wpcf7-validates-as-required\" aria-required=\"true\" aria-invalid=\"false\" value=\"\" type=\"text\" name=\"your-subject\" \/><\/span> <\/label>\n<\/p>\n<p><label> El teu missatge (opcional)<br \/>\n<span class=\"wpcf7-form-control-wrap\" data-name=\"your-message\"><textarea cols=\"40\" rows=\"10\" maxlength=\"2000\" class=\"wpcf7-form-control wpcf7-textarea\" aria-invalid=\"false\" name=\"your-message\"><\/textarea><\/span> <\/label>\n<\/p>\n<p><input class=\"wpcf7-form-control wpcf7-submit has-spinner\" type=\"submit\" value=\"Enviar\" \/>\n<\/p><p style=\"display: none !important;\" class=\"akismet-fields-container\" data-prefix=\"_wpcf7_ak_\"><label>&#916;<textarea name=\"_wpcf7_ak_hp_textarea\" cols=\"45\" rows=\"8\" maxlength=\"100\"><\/textarea><\/label><input type=\"hidden\" id=\"ak_js_1\" name=\"_wpcf7_ak_js\" value=\"143\"\/><script type=\"text\/javascript\">\n\/* <![CDATA[ *\/\ndocument.getElementById( \"ak_js_1\" ).setAttribute( \"value\", ( new Date() ).getTime() );\n\/* ]]> *\/\n<\/script>\n<\/p><div class=\"wpcf7-response-output\" aria-hidden=\"true\"><\/div>\n<\/form>\n<\/div>\n<\/div>\n<\/div><\/div>\n<\/div><\/div>\n","protected":false},"excerpt":{"rendered":"","protected":false},"author":2,"featured_media":0,"parent":0,"menu_order":0,"comment_status":"closed","ping_status":"closed","template":"builder.php","meta":{"_genesis_hide_title":false,"_genesis_hide_breadcrumbs":false,"_genesis_hide_singular_image":false,"_genesis_hide_footer_widgets":false,"_genesis_custom_body_class":"","_genesis_custom_post_class":"","_genesis_layout":"","footnotes":""},"featured_image_src":null,"featured_image_src_square":null,"_links":{"self":[{"href":"https:\/\/rtstudiolegale.com\/cat\/wp-json\/wp\/v2\/pages\/2"}],"collection":[{"href":"https:\/\/rtstudiolegale.com\/cat\/wp-json\/wp\/v2\/pages"}],"about":[{"href":"https:\/\/rtstudiolegale.com\/cat\/wp-json\/wp\/v2\/types\/page"}],"author":[{"embeddable":true,"href":"https:\/\/rtstudiolegale.com\/cat\/wp-json\/wp\/v2\/users\/2"}],"replies":[{"embeddable":true,"href":"https:\/\/rtstudiolegale.com\/cat\/wp-json\/wp\/v2\/comments?post=2"}],"version-history":[{"count":74,"href":"https:\/\/rtstudiolegale.com\/cat\/wp-json\/wp\/v2\/pages\/2\/revisions"}],"predecessor-version":[{"id":199,"href":"https:\/\/rtstudiolegale.com\/cat\/wp-json\/wp\/v2\/pages\/2\/revisions\/199"}],"wp:attachment":[{"href":"https:\/\/rtstudiolegale.com\/cat\/wp-json\/wp\/v2\/media?parent=2"}],"curies":[{"name":"wp","href":"https:\/\/api.w.org\/{rel}","templated":true}]}}